{"id":2,"date":"2025-12-08T15:07:40","date_gmt":"2025-12-08T08:07:40","guid":{"rendered":"https:\/\/www.demo.vietnamweb.asia\/?page_id=2"},"modified":"2025-12-08T15:07:58","modified_gmt":"2025-12-08T08:07:58","slug":"trang-chu","status":"publish","type":"page","link":"https:\/\/1rr99.bet\/","title":{"rendered":"1rr99 com &#8211; H\u1ed9i Vi\u00ean M\u1edbi N\u1ea1p \u0110\u1ea7u T\u1eb7ng \u0110\u1ebfn 9.999k Cho M\u1ecdi S\u1ea3nh Game"},"content":{"rendered":"<h2><span style=\"font-size: 110%; color: #f99b1c;\"><strong>TRANG CH\u1ee6 \u0110\u0102NG NH\u1eacP NH\u00c0 C\u00c1I RR99<\/strong><\/span><\/h2>\n<p>Link trang t\u1ed5ng v\u00e0o 1rr99 com ch\u00ednh th\u1ee9c c\u1eadp nh\u1eadt ng\u00e0y h\u00f4m nay m\u1edbi nh\u1ea5t:<\/p>\n<div class=\"row row-small\"  id=\"row-1003045325\">\n\n\t<div id=\"col-2045116871\" class=\"col medium-4 small-12 large-4\"  >\n\t\t\t\t<div class=\"col-inner\"  >\n\t\t\t\n\t\t\t\n\t<div class=\"img has-hover x md-x lg-x y md-y lg-y\" id=\"image_1503585164\">\n\t\t<a class=\"\" href=\"https:\/\/te8qc2.pro\/24z7\" >\t\t\t\t\t\t<div class=\"img-inner dark\" >\n\t\t\t<img loading=\"lazy\" decoding=\"async\" width=\"400\" height=\"188\" src=\"https:\/\/1rr99.bet\/wp-content\/uploads\/2025\/03\/dang-ky.webp\" class=\"attachment-original size-original\" alt=\"\u0110\u0103ng k\u00fd nh\u00e0 c\u00e1i\" srcset=\"https:\/\/1rr99.bet\/wp-content\/uploads\/2025\/03\/dang-ky.webp 400w, https:\/\/1rr99.bet\/wp-content\/uploads\/2025\/03\/dang-ky-300x141.webp 300w\" sizes=\"auto, (max-width: 400px) 100vw, 400px\" \/>\t\t\t\t\t\t\n\t\t\t\t\t<\/div>\n\t\t\t\t\t\t<\/a>\t\t\n<style>\n#image_1503585164 {\n  width: 100%;\n}\n<\/style>\n\t<\/div>\n\t\n\t\t<\/div>\n\t\t\t\t\t<\/div>\n\n\t\n\n\t<div id=\"col-2111098519\" class=\"col medium-4 small-12 large-4\"  >\n\t\t\t\t<div class=\"col-inner\"  >\n\t\t\t\n\t\t\t\n\t<div class=\"img has-hover x md-x lg-x y md-y lg-y\" id=\"image_435373456\">\n\t\t<a class=\"\" href=\"https:\/\/te8qc2.pro\/24z7\" >\t\t\t\t\t\t<div class=\"img-inner dark\" >\n\t\t\t<img loading=\"lazy\" decoding=\"async\" width=\"400\" height=\"188\" src=\"https:\/\/1rr99.bet\/wp-content\/uploads\/2025\/03\/dang-nhap.webp\" class=\"attachment-original size-original\" alt=\"\u0110\u0103ng nh\u1eadp t\u1ea3i app\" srcset=\"https:\/\/1rr99.bet\/wp-content\/uploads\/2025\/03\/dang-nhap.webp 400w, https:\/\/1rr99.bet\/wp-content\/uploads\/2025\/03\/dang-nhap-300x141.webp 300w\" sizes=\"auto, (max-width: 400px) 100vw, 400px\" \/>\t\t\t\t\t\t\n\t\t\t\t\t<\/div>\n\t\t\t\t\t\t<\/a>\t\t\n<style>\n#image_435373456 {\n  width: 100%;\n}\n<\/style>\n\t<\/div>\n\t\n\t\t<\/div>\n\t\t\t\t\t<\/div>\n\n\t\n\n\t<div id=\"col-873244871\" class=\"col medium-4 small-12 large-4\"  >\n\t\t\t\t<div class=\"col-inner\"  >\n\t\t\t\n\t\t\t\n\t<div class=\"img has-hover x md-x lg-x y md-y lg-y\" id=\"image_974390219\">\n\t\t<a class=\"\" href=\"https:\/\/te8qc2.pro\/24z7\" >\t\t\t\t\t\t<div class=\"img-inner dark\" >\n\t\t\t<img loading=\"lazy\" decoding=\"async\" width=\"400\" height=\"188\" src=\"https:\/\/1rr99.bet\/wp-content\/uploads\/2025\/03\/khuyen-mai.webp\" class=\"attachment-original size-original\" alt=\"Khuy\u1ebfn m\u00e3i th\u00e0nh vi\u00ean\" srcset=\"https:\/\/1rr99.bet\/wp-content\/uploads\/2025\/03\/khuyen-mai.webp 400w, https:\/\/1rr99.bet\/wp-content\/uploads\/2025\/03\/khuyen-mai-300x141.webp 300w\" sizes=\"auto, (max-width: 400px) 100vw, 400px\" \/>\t\t\t\t\t\t\n\t\t\t\t\t<\/div>\n\t\t\t\t\t\t<\/a>\t\t\n<style>\n#image_974390219 {\n  width: 100%;\n}\n<\/style>\n\t<\/div>\n\t\n\t\t<\/div>\n\t\t\t\t\t<\/div>\n\n\t\n<\/div>\n\t<div id=\"gap-621532178\" class=\"gap-element clearfix\" style=\"display:block; height:auto;\">\n\t\t\n<style>\n#gap-621532178 {\n  padding-top: 16px;\n}\n<\/style>\n\t<\/div>\n\t\n\t<div id=\"gap-219766651\" class=\"gap-element clearfix\" style=\"display:block; height:auto;\">\n\t\t\n<style>\n#gap-219766651 {\n  padding-top: 15px;\n}\n<\/style>\n\t<\/div>\n\t\n<p><em><strong>Disclaimer (Tuy\u00ean b\u1ed1 mi\u1ec5n tr\u1eeb):<\/strong> <\/em>1rr99.bet ch\u1ec9 cung c\u1ea5p th\u00f4ng tin cho ng\u01b0\u1eddi tr\u00ean 18 tu\u1ed5i \u0111ang c\u01b0 tr\u00fa ngo\u00e0i l\u00e3nh th\u1ed5 Vi\u1ec7t Nam. M\u1ecdi n\u1ed9i dung tr\u00ean website mang t\u00ednh tham kh\u1ea3o v\u00e0 kh\u00f4ng \u0111\u01b0\u1ee3c xem l\u00e0 l\u1eddi khuy\u00ean t\u00e0i ch\u00ednh. Ng\u01b0\u1eddi \u0111\u1ecdc c\u1ea7n t\u1ef1 c\u00e2n nh\u1eafc tr\u01b0\u1edbc khi \u00e1p d\u1ee5ng b\u1ea5t k\u1ef3 d\u1eef li\u1ec7u n\u00e0o, v\u00ec 1rr99 net kh\u00f4ng ch\u1ecbu tr\u00e1ch nhi\u1ec7m \u0111\u1ed1i v\u1edbi m\u1ecdi thi\u1ec7t h\u1ea1i, r\u1ee7i ro hay h\u1ec7 qu\u1ea3 li\u00ean quan.<\/p>\n<h3 class=\"accordion_title\">FAQ - GI\u1ea2I \u0110\u00c1P TH\u1eaeC M\u1eaeC KHI CH\u01a0I RR99 .COM<\/h3><div class=\"accordion\"><\/div>\n\t<div id=\"accordion-3860482757\" class=\"accordion-item\">\n\t\t<a id=\"accordion-3860482757-label\" class=\"accordion-title plain\" href=\"#accordion-item-nh\u00e0-c\u00e1i-1-rr99-.com-c\u00f3-nh\u1eefng-trang-truy-c\u1eadp-ch\u00ednh-n\u00e0o?\" aria-expanded=\"false\" aria-controls=\"accordion-3860482757-content\" >\n\t\t\t<button class=\"toggle\" aria-label=\"Chuy\u1ec3n \u0111\u1ed5i\"><i class=\"icon-angle-down\"><\/i><\/button>\n\t\t\t<span>Nh\u00e0 c\u00e1i 1 Rr99 .com c\u00f3 nh\u1eefng trang truy c\u1eadp ch\u00ednh n\u00e0o?<\/span>\n\t\t<\/a>\n\t\t<div id=\"accordion-3860482757-content\" class=\"accordion-inner\" aria-labelledby=\"accordion-3860482757-label\" >\n\t\t\t\n<p><span style=\"color: #3366ff;\">Nh\u1eefng trang truy c\u1eadp Rr99 . com:<\/span><\/p>\n<ul>\n<li><span style=\"color: #3366ff;\">1 Rr99.com<\/span><\/li>\n<li><span style=\"color: #3366ff;\">1rr99.app<\/span><\/li>\n<li><span style=\"color: #3366ff;\">11rr99 . game<\/span><\/li>\n<li><span style=\"color: #3366ff;\">Rr999.casino<\/span><\/li>\n<li><span style=\"color: #3366ff;\">Rr 999.win<\/span><\/li>\n<li><span style=\"color: #3366ff;\">Rr99 9.bet<\/span><\/li>\n<\/ul>\n<p>#trangchurr99 #dangnhaprr99 #dangkyrr99 #taiapprr99 #apprr99 #rr99bet #rr99casino<\/p>\n<p>#trangchu1rr99 #dangnhap1rr99 #dangky1rr99 #taiapp1rr99 #app1rr99 #1rr99bet #1rr99casino<\/p>\n\t\t<\/div>\n\t<\/div>\n\t\n\t<div id=\"accordion-691999091\" class=\"accordion-item\">\n\t\t<a id=\"accordion-691999091-label\" class=\"accordion-title plain\" href=\"#accordion-item-t\u1ea3i-app-rr99.com-c\u00f3-kh\u00f3-kh\u00f4ng?\" aria-expanded=\"false\" aria-controls=\"accordion-691999091-content\" >\n\t\t\t<button class=\"toggle\" aria-label=\"Chuy\u1ec3n \u0111\u1ed5i\"><i class=\"icon-angle-down\"><\/i><\/button>\n\t\t\t<span>T\u1ea3i App Rr99.com c\u00f3 kh\u00f3 kh\u00f4ng?<\/span>\n\t\t<\/a>\n\t\t<div id=\"accordion-691999091-content\" class=\"accordion-inner\" aria-labelledby=\"accordion-691999091-label\" >\n\t\t\t\n<p><span style=\"color: #3366ff;\">1rr99 game cung c\u1ea5p \u1ee9ng d\u1ee5ng t\u1ea3i v\u1ec1 di \u0111\u1ed9ng th\u00f4ng qua 2 h\u1ec7 \u0111i\u1ec1u h\u00e0nh ch\u00ednh l\u00e0 iOs v\u00e0 Android. App c\u00f3 dung l\u01b0\u1ee3ng nh\u1ecf g\u1ecdn, t\u1ea3i v\u1ec1 d\u1ec5 d\u00e0ng v\u00e0 thao t\u00e1c \u0111\u01a1n gi\u1ea3n. Gi\u00fap mang \u0111\u1ebfn nh\u1eefng tr\u1ea3i nghi\u1ec7m t\u1ed1t nh\u1ea5t cho ng\u01b0\u1eddi d\u00f9ng.<\/span><\/p>\n\t\t<\/div>\n\t<\/div>\n\t\n\t<div id=\"accordion-532188010\" class=\"accordion-item\">\n\t\t<a id=\"accordion-532188010-label\" class=\"accordion-title plain\" href=\"#accordion-item-d\u1ecbch-v\u1ee5-cskh-rr99.casino-c\u00f3-ho\u1ea1t-\u0111\u1ed9ng-24h-kh\u00f4ng?\" aria-expanded=\"false\" aria-controls=\"accordion-532188010-content\" >\n\t\t\t<button class=\"toggle\" aria-label=\"Chuy\u1ec3n \u0111\u1ed5i\"><i class=\"icon-angle-down\"><\/i><\/button>\n\t\t\t<span>D\u1ecbch v\u1ee5 CSKH rr99.casino c\u00f3 ho\u1ea1t \u0111\u1ed9ng 24h kh\u00f4ng?<\/span>\n\t\t<\/a>\n\t\t<div id=\"accordion-532188010-content\" class=\"accordion-inner\" aria-labelledby=\"accordion-532188010-label\" >\n\t\t\t\n<p><span style=\"color: #3366ff;\">Nh\u00e2n vi\u00ean CSKH t\u1ea1i 1 rr99.casino ho\u1ea1t \u0111\u1ed9ng li\u00ean t\u1ee5c 24\/7 h\u01b0\u1edbng d\u1eabn x\u1eed l\u00fd m\u1ecdi th\u00f4ng tin th\u1eafc m\u1eafc t\u1eeb ng\u01b0\u1eddi ch\u01a1i. \u0110\u1ed9i ng\u0169 CSKH \u0111\u01b0\u1ee3c \u0111\u00e1nh gi\u00e1 c\u00f3 chuy\u00ean m\u00f4n cao, nhi\u1ec7t t\u00ecnh chu \u0111\u00e1o \u0111\u1ea3m b\u1ea3o mang l\u1ea1i tr\u1ea3i nghi\u1ec7m t\u1ed1t cho m\u1ecdi ng\u01b0\u1eddi ch\u01a1i.<\/span><\/p>\n\t\t<\/div>\n\t<\/div>\n\t\n\t<div id=\"accordion-187785795\" class=\"accordion-item\">\n\t\t<a id=\"accordion-187785795-label\" class=\"accordion-title plain\" href=\"#accordion-item-\u0110\u0103ng-k\u00fd-t\u00e2n-th\u1ee7-tr\u00ean-rr99-bet-c\u00f3-khuy\u1ebfn-m\u00e3i-g\u00ec-kh\u00f4ng?\" aria-expanded=\"false\" aria-controls=\"accordion-187785795-content\" >\n\t\t\t<button class=\"toggle\" aria-label=\"Chuy\u1ec3n \u0111\u1ed5i\"><i class=\"icon-angle-down\"><\/i><\/button>\n\t\t\t<span>\u0110\u0103ng k\u00fd t\u00e2n th\u1ee7 tr\u00ean Rr99 bet c\u00f3 khuy\u1ebfn m\u00e3i g\u00ec kh\u00f4ng?<\/span>\n\t\t<\/a>\n\t\t<div id=\"accordion-187785795-content\" class=\"accordion-inner\" aria-labelledby=\"accordion-187785795-label\" >\n\t\t\t\n<p><span style=\"color: #3366ff;\">Khi \u0111\u0103ng k\u00fd t\u00e0i kho\u1ea3n m\u1edbi t\u00e2n th\u1ee7 \u0111\u01b0\u1ee3c nh\u1eadn ngay khuy\u1ebfn m\u00e3i n\u1ea1p \u0111\u1ea7u c\u00f3 gi\u00e1 tr\u1ecb t\u1ed1i \u0111a l\u00ean \u0111\u1ebfn 9.999k \u00e1p d\u1ee5ng cho m\u1ecfi s\u1ea3nh game. Ngo\u00e0i ra ng\u01b0\u1eddi ch\u01a1i khi tham gia \u0111i\u1ec3m danh h\u00e0ng ng\u00e0y s\u1ebd \u0111\u01b0\u1ee3c nh\u1eadn l\u00ec x\u00ec theo khung th\u1eddi gian quy \u0111\u1ecbnh \u0111\u00e3 th\u00f4ng b\u00e1o tr\u00ean trang ch\u1ee7.<\/span><\/p>\n\t\t<\/div>\n\t<\/div>\n\t\n<p>&nbsp;<\/p>\n","protected":false},"excerpt":{"rendered":"<p>TRANG CH\u1ee6 \u0110\u0102NG NH\u1eacP NH\u00c0 C\u00c1I RR99 Link trang t\u1ed5ng v\u00e0o 1rr99 com ch\u00ednh th\u1ee9c c\u1eadp nh\u1eadt ng\u00e0y h\u00f4m nay m\u1edbi nh\u1ea5t: Disclaimer (Tuy\u00ean b\u1ed1 mi\u1ec5n tr\u1eeb): 1rr99.bet ch\u1ec9 cung c\u1ea5p th\u00f4ng tin cho ng\u01b0\u1eddi tr\u00ean 18 tu\u1ed5i \u0111ang c\u01b0 tr\u00fa ngo\u00e0i l\u00e3nh th\u1ed5 Vi\u1ec7t Nam. M\u1ecdi n\u1ed9i dung tr\u00ean website mang t\u00ednh tham kh\u1ea3o&#8230;<\/p>\n","protected":false},"author":1,"featured_media":0,"parent":0,"menu_order":0,"comment_status":"closed","ping_status":"open","template":"page-right-sidebar.php","meta":{"footnotes":""},"class_list":["post-2","page","type-page","status-publish","hentry"],"_links":{"self":[{"href":"https:\/\/1rr99.bet\/index.php?rest_route=\/wp\/v2\/pages\/2","targetHints":{"allow":["GET"]}}],"collection":[{"href":"https:\/\/1rr99.bet\/index.php?rest_route=\/wp\/v2\/pages"}],"about":[{"href":"https:\/\/1rr99.bet\/index.php?rest_route=\/wp\/v2\/types\/page"}],"author":[{"embeddable":true,"href":"https:\/\/1rr99.bet\/index.php?rest_route=\/wp\/v2\/users\/1"}],"replies":[{"embeddable":true,"href":"https:\/\/1rr99.bet\/index.php?rest_route=%2Fwp%2Fv2%2Fcomments&post=2"}],"version-history":[{"count":54,"href":"https:\/\/1rr99.bet\/index.php?rest_route=\/wp\/v2\/pages\/2\/revisions"}],"predecessor-version":[{"id":632,"href":"https:\/\/1rr99.bet\/index.php?rest_route=\/wp\/v2\/pages\/2\/revisions\/632"}],"wp:attachment":[{"href":"https:\/\/1rr99.bet\/index.php?rest_route=%2Fwp%2Fv2%2Fmedia&parent=2"}],"curies":[{"name":"wp","href":"https:\/\/api.w.org\/{rel}","templated":true}]}}